{"id":7484,"date":"2022-12-29T16:25:09","date_gmt":"2022-12-29T16:25:09","guid":{"rendered":"https:\/\/vickicasas.es\/?page_id=7484"},"modified":"2024-09-17T07:56:27","modified_gmt":"2024-09-17T07:56:27","slug":"inicio","status":"publish","type":"page","link":"https:\/\/vickicasas.es\/es\/","title":{"rendered":"Inicio"},"content":{"rendered":"<div class=\"wpb-content-wrapper\"><p>[vc_row full_width=&#8221;stretch_row&#8221; full_height=&#8221;yes&#8221; kd_fixed_background=&#8221;true&#8221; css=&#8221;.vc_custom_1672331625175{padding-top: 170px !important;background-image: url(https:\/\/vickicasas.es\/wp-content\/uploads\/2022\/12\/fons-vicki.jpg?id=104) !important;background-position: center !important;background-repeat: no-repeat !important;background-size: cover !important;}&#8221;][vc_column][vc_row_inner css=&#8221;.vc_custom_1513001355456{margin-bottom: 20px !important;}&#8221;][vc_column_inner][vc_custom_heading text=&#8221;\u00a1La m\u00fasica como forma de vida!&#8221; font_container=&#8221;tag:h2|font_size:40px|text_align:center|color:%23ffffff|line_height:90px&#8221; use_theme_fonts=&#8221;yes&#8221; css_animation=&#8221;fadeIn&#8221; css=&#8221;.vc_custom_1676645493601{margin-bottom: 10px !important;}&#8221;][vc_empty_space height=&#8221;50&#8243;][\/vc_column_inner][\/vc_row_inner][\/vc_column][\/vc_row][vc_row full_width=&#8221;stretch_row&#8221; css=&#8221;.vc_custom_1676301728662{padding-top: 80px !important;padding-bottom: 80px !important;}&#8221;][vc_column offset=&#8221;vc_col-lg-12 vc_col-md-12&#8243;][vc_row_inner css=&#8221;.vc_custom_1672333454485{padding-top: 0px !important;padding-bottom: 0px !important;background-color: #000000 !important;}&#8221; el_class=&#8221;with-shadow&#8221;][vc_column_inner css=&#8221;.vc_custom_1680260411419{padding-top: 40px !important;padding-right: 80px !important;padding-left: 80px !important;}&#8221; offset=&#8221;vc_col-lg-offset-0 vc_col-lg-6 vc_col-md-offset-3 vc_col-md-6 vc_col-sm-offset-3 vc_hidden-xs&#8221;]<header class=\"kd-section-title col-lg-12 text-left solid-line sep-border-width-1 60px   \" ><h2 class=\"separator_on\" style=\"color: #ffffff;font-size: 40px;\">Qui\u00e9n soy<\/h2><div class=\"kd-separator below_title\" style=\"width:60px;\"><div class=\"kd-separator-line\" style=\"border-color:#ffffff\"><\/div><\/div><\/header>[vc_column_text]<span style=\"color: #ffffff;\">Vicki Casas, cantautora autodidacta de un peque\u00f1o pueblo de la provincia de Barcelona. Hago versiones pop-rock y canciones propias, las cuales identifico como g\u00e9nero musical: &#8220;POP-CHILL&#8221; (tienen algo de Pop y algo de Chill-out).<\/span>[\/vc_column_text][vc_column_text]<span style=\"color: #ffffff;\">Me caracterizo por mis letras sensibles, que s\u00f3n reflejos de momentos vividos, muy diferentes entre ellos.<\/span>[\/vc_column_text][vc_column_text css=&#8221;&#8221;]<span style=\"color: #ffffff;\">A mediados de 2023 grab\u00e9 y saqu\u00e9 a la luz, mi primer CD en formato EP (Reproducci\u00f3n extendida en formato de grabaci\u00f3n musical), de la mano del productor y guitarrista Luis Robisco.<\/span>[\/vc_column_text][vc_column_text]<img loading=\"lazy\" decoding=\"async\" class=\"wp-image-101 aligncenter\" src=\"https:\/\/vickicasas.es\/wp-content\/uploads\/2022\/12\/LOGO-PETIT-WEB-300x150.png\" alt=\"\" width=\"176\" height=\"88\" srcset=\"https:\/\/vickicasas.es\/wp-content\/uploads\/2022\/12\/LOGO-PETIT-WEB-300x150.png 300w, https:\/\/vickicasas.es\/wp-content\/uploads\/2022\/12\/LOGO-PETIT-WEB.png 400w\" sizes=\"auto, (max-width: 176px) 100vw, 176px\" \/>[\/vc_column_text][\/vc_column_inner][vc_column_inner css=&#8221;.vc_custom_1680260539405{padding-top: 280px !important;padding-bottom: 280px !important;background-image: url(https:\/\/vickicasas.es\/wp-content\/uploads\/2023\/03\/inici-foto-vicki.jpg?id=8111) !important;background-position: center !important;background-repeat: no-repeat !important;background-size: cover !important;}&#8221; offset=&#8221;vc_col-lg-6 vc_hidden-xs&#8221;][\/vc_column_inner][\/vc_row_inner][vc_row_inner css=&#8221;.vc_custom_1680260387905{background-color: #000000 !important;}&#8221;][vc_column_inner width=&#8221;1\/2&#8243; offset=&#8221;vc_hidden-lg vc_hidden-md vc_hidden-sm&#8221;]<header class=\"kd-section-title col-lg-12 text-left solid-line sep-border-width-1 60px   \" ><h2 class=\"separator_on\" style=\"color: #ffffff;font-size: 40px;\">Qui\u00e9n soy<\/h2><div class=\"kd-separator below_title\" style=\"width:60px;\"><div class=\"kd-separator-line\" style=\"border-color:#ffffff\"><\/div><\/div><\/header>[vc_column_text]<span style=\"color: #ffffff;\">Vicki Casas, cantautora autodidacta de un peque\u00f1o pueblo de la provincia de Barcelona. Hago versiones pop-rock y canciones propias, las cuales identifico como g\u00e9nero musical: &#8220;POP-CHILL&#8221; (tienen algo de Pop y algo de Chill-out).<\/span>[\/vc_column_text][vc_column_text]<span style=\"color: #ffffff;\">Me caracterizo por mis letras sensibles, que s\u00f3n reflejos de momentos vividos, muy diferentes entre ellos.<\/span>[\/vc_column_text][vc_column_text css=&#8221;&#8221;]<span style=\"color: #ffffff;\">A mediados de 2023 grab\u00e9 y saqu\u00e9 a la luz, mi primer CD en formato EP (Reproducci\u00f3n extendida en formato de grabaci\u00f3n musical), de la mano del productor y guitarrista Luis Robisco.<\/span>[\/vc_column_text][vc_column_text]<img loading=\"lazy\" decoding=\"async\" class=\"wp-image-101 aligncenter\" src=\"https:\/\/vickicasas.es\/wp-content\/uploads\/2022\/12\/LOGO-PETIT-WEB-300x150.png\" alt=\"\" width=\"176\" height=\"88\" srcset=\"https:\/\/vickicasas.es\/wp-content\/uploads\/2022\/12\/LOGO-PETIT-WEB-300x150.png 300w, https:\/\/vickicasas.es\/wp-content\/uploads\/2022\/12\/LOGO-PETIT-WEB.png 400w\" sizes=\"auto, (max-width: 176px) 100vw, 176px\" \/>[\/vc_column_text][\/vc_column_inner][vc_column_inner width=&#8221;1\/2&#8243; offset=&#8221;vc_hidden-lg vc_hidden-md vc_hidden-sm&#8221;][vc_single_image image=&#8221;8111&#8243; img_size=&#8221;full&#8221;][\/vc_column_inner][\/vc_row_inner][\/vc_column][\/vc_row][vc_row full_width=&#8221;stretch_row&#8221; css=&#8221;.vc_custom_1680260599419{padding-top: 80px !important;}&#8221;][vc_column css=&#8221;.vc_custom_1515686761275{padding-right: 0px !important;padding-left: 0px !important;}&#8221;][vc_row_inner][vc_column_inner]<header class=\"kd-section-title col-lg-12 text-center solid-line sep-border-width-3 60px kd-animated fadeIn   vc_custom_1685380358202\" data-animation-delay=200><h2 class=\"separator_on\" >Pr\u00f3ximos eventos<\/h2><div class=\"kd-separator below_title\" style=\"width:60px;\"><div class=\"kd-separator-line\" style=\"border-color:#000000\"><\/div><\/div><h6 class=\"subtitle \" >Consulta los pr\u00f3ximos eventos y conciertos que voy a realizar<\/h6><\/header>[vc_empty_space height=&#8221;20&#8243;]<a  href=\"https:\/\/vickicasas.es\/es\/agenda\/\"  target=\"_self\"  title=\"\" class=\"tt_button tt_secondary_button btn_primary_color  button-center button-action-link   white-button\" ><span class=\"prim_text\">Consultar<\/span><\/a>[\/vc_column_inner][\/vc_row_inner][vc_empty_space height=&#8221;40&#8243;][\/vc_column][\/vc_row][vc_row full_width=&#8221;stretch_row&#8221; css=&#8221;.vc_custom_1676302056300{padding-top: 80px !important;}&#8221;][vc_column css=&#8221;.vc_custom_1515677064675{padding-right: 0px !important;padding-left: 0px !important;}&#8221;][vc_row_inner][vc_column_inner]<header class=\"kd-section-title col-lg-12 text-center solid-line sep-border-width-3 60px kd-animated fadeIn   vc_custom_1685380659657\" data-animation-delay=200><h2 class=\"separator_on\" >Actualidad<\/h2><div class=\"kd-separator below_title\" style=\"width:60px;\"><div class=\"kd-separator-line\" style=\"border-color:#000000\"><\/div><\/div><h6 class=\"subtitle \" >Todos los eventos y conciertos que he tenido el placer de hacer<\/h6><\/header>[\/vc_column_inner][\/vc_row_inner][vc_row_inner][vc_column_inner][vc_basic_grid post_type=&#8221;post&#8221; max_items=&#8221;3&#8243; grid_id=&#8221;vc_gid:1726559705166-96d7d0a2-b837-6&#8243;][\/vc_column_inner][\/vc_row_inner][vc_empty_space height=&#8221;30&#8243;]<a  href=\"https:\/\/vickicasas.es\/es\/blog\/\"  target=\"_self\"  title=\"\" class=\"tt_button tt_secondary_button btn_primary_color  button-center button-action-link   white-button\" ><span class=\"prim_text\">Leer m\u00e1s<\/span><\/a>[vc_empty_space height=&#8221;30&#8243;][\/vc_column][\/vc_row][vc_row full_width=&#8221;stretch_row&#8221; css=&#8221;.vc_custom_1678462825648{padding-top: 80px !important;padding-bottom: 80px !important;}&#8221;][vc_column css=&#8221;.vc_custom_1515686761275{padding-right: 0px !important;padding-left: 0px !important;}&#8221;]<header class=\"kd-section-title col-lg-12 text-center solid-line sep-border-width-1  kd-animated fadeIn   vc_custom_1685381433107\" data-animation-delay=200><h2 class=\"separator_on\" >Contactar<\/h2><div class=\"kd-separator below_title\" ><div class=\"kd-separator-line\" ><\/div><\/div><h6 class=\"subtitle \" >Si tienes cualquier consulta, escr\u00edbeme y responder\u00e9 tan pronto como sea posible.<\/h6><\/header>[vc_row_inner][vc_column_inner width=&#8221;1\/6&#8243;][\/vc_column_inner][vc_column_inner width=&#8221;2\/3&#8243;]<div class=\"kd-contact-form full-width-cf\" >\n<div class=\"wpcf7 no-js\" id=\"wpcf7-f7490-o1\" lang=\"es-ES\" dir=\"ltr\" data-wpcf7-id=\"7490\">\n<div class=\"screen-reader-response\"><p role=\"status\" aria-live=\"polite\" aria-atomic=\"true\"><\/p> <ul><\/ul><\/div>\n<form action=\"\/es\/wp-json\/wp\/v2\/pages\/7484#wpcf7-f7490-o1\" method=\"post\" class=\"wpcf7-form init\" aria-label=\"Formulario de contacto\" novalidate=\"novalidate\" data-status=\"init\">\n<fieldset class=\"hidden-fields-container\"><input type=\"hidden\" name=\"_wpcf7\" value=\"7490\" \/><input type=\"hidden\" name=\"_wpcf7_version\" value=\"6.1\" \/><input type=\"hidden\" name=\"_wpcf7_locale\" value=\"es_ES\" \/><input type=\"hidden\" name=\"_wpcf7_unit_tag\" value=\"wpcf7-f7490-o1\" \/><input type=\"hidden\" name=\"_wpcf7_container_post\" value=\"0\" \/><input type=\"hidden\" name=\"_wpcf7_posted_data_hash\" value=\"\" \/><input type=\"hidden\" name=\"_wpcf7_recaptcha_response\" value=\"\" \/>\n<\/fieldset>\n<p><span class=\"wpcf7-form-control-wrap\" data-name=\"your-name\"><input size=\"40\" maxlength=\"400\" class=\"wpcf7-form-control wpcf7-text wpcf7-validates-as-required\" aria-required=\"true\" aria-invalid=\"false\" placeholder=\"Nombre*\" value=\"\" type=\"text\" name=\"your-name\" \/><\/span><br \/>\n<span class=\"wpcf7-form-control-wrap\" data-name=\"your-email\"><input size=\"40\" maxlength=\"400\" class=\"wpcf7-form-control wpcf7-email wpcf7-validates-as-required wpcf7-text wpcf7-validates-as-email\" aria-required=\"true\" aria-invalid=\"false\" placeholder=\"E-mail*\" value=\"\" type=\"email\" name=\"your-email\" \/><\/span><br \/>\n<span class=\"wpcf7-form-control-wrap\" data-name=\"your-message\"><textarea cols=\"40\" rows=\"10\" maxlength=\"2000\" class=\"wpcf7-form-control wpcf7-textarea\" aria-invalid=\"false\" placeholder=\"Mensaje\" name=\"your-message\"><\/textarea><\/span><br \/>\n<input class=\"wpcf7-form-control wpcf7-submit has-spinner\" type=\"submit\" value=\"Enviar\" \/>\n<\/p><div class=\"wpcf7-response-output\" aria-hidden=\"true\"><\/div>\n<\/form>\n<\/div>\n<\/div>[\/vc_column_inner][vc_column_inner width=&#8221;1\/6&#8243;][\/vc_column_inner][\/vc_row_inner][\/vc_column][\/vc_row]<\/p>\n<\/div>","protected":false},"excerpt":{"rendered":"<p>De un peque\u00f1o pueblo de la provincia de Barcelona. Hago versiones pop-rock y canciones propias, las cuales identifico como g\u00e9nero musical: \u00abPOP-CHILL\u00bb<\/p>\n","protected":false},"author":1,"featured_media":0,"parent":0,"menu_order":0,"comment_status":"closed","ping_status":"closed","template":"","meta":{"om_disable_all_campaigns":false,"_monsterinsights_skip_tracking":false,"_monsterinsights_sitenote_active":false,"_monsterinsights_sitenote_note":"","_monsterinsights_sitenote_category":0,"footnotes":""},"class_list":["post-7484","page","type-page","status-publish","hentry"],"aioseo_notices":[],"_links":{"self":[{"href":"https:\/\/vickicasas.es\/es\/wp-json\/wp\/v2\/pages\/7484","targetHints":{"allow":["GET"]}}],"collection":[{"href":"https:\/\/vickicasas.es\/es\/wp-json\/wp\/v2\/pages"}],"about":[{"href":"https:\/\/vickicasas.es\/es\/wp-json\/wp\/v2\/types\/page"}],"author":[{"embeddable":true,"href":"https:\/\/vickicasas.es\/es\/wp-json\/wp\/v2\/users\/1"}],"replies":[{"embeddable":true,"href":"https:\/\/vickicasas.es\/es\/wp-json\/wp\/v2\/comments?post=7484"}],"version-history":[{"count":60,"href":"https:\/\/vickicasas.es\/es\/wp-json\/wp\/v2\/pages\/7484\/revisions"}],"predecessor-version":[{"id":8904,"href":"https:\/\/vickicasas.es\/es\/wp-json\/wp\/v2\/pages\/7484\/revisions\/8904"}],"wp:attachment":[{"href":"https:\/\/vickicasas.es\/es\/wp-json\/wp\/v2\/media?parent=7484"}],"curies":[{"name":"wp","href":"https:\/\/api.w.org\/{rel}","templated":true}]}}